{"id":843,"date":"2022-09-06T08:54:19","date_gmt":"2022-09-06T05:54:19","guid":{"rendered":"https:\/\/viker.dev2.sdhost.eu\/meist\/"},"modified":"2026-04-15T16:14:19","modified_gmt":"2026-04-15T13:14:19","slug":"meist","status":"publish","type":"page","link":"https:\/\/vikerkaare.com\/et\/meist\/","title":{"rendered":"Meist"},"content":{"rendered":"\t\t<div data-elementor-type=\"wp-page\" data-elementor-id=\"843\" class=\"elementor elementor-843 elementor-342\" data-elementor-post-type=\"page\">\n\t\t\t\t<div class=\"elementor-element elementor-element-e8aacca e-flex e-con-boxed e-con e-parent\" data-id=\"e8aacca\" data-element_type=\"container\" data-e-type=\"container\" data-settings=\"{&quot;background_background&quot;:&quot;classic&quot;}\">\n\t\t\t\t\t<div class=\"e-con-inner\">\n\t\t<div class=\"elementor-element elementor-element-2643736 e-con-full e-flex e-con e-child\" data-id=\"2643736\" data-element_type=\"container\" data-e-type=\"container\">\n\t\t\t\t<div class=\"elementor-element elementor-element-ebe51d4 elementor-widget elementor-widget-heading\" data-id=\"ebe51d4\" data-element_type=\"widget\" data-e-type=\"widget\" data-widget_type=\"heading.default\">\n\t\t\t\t\t<h2 class=\"elementor-heading-title elementor-size-default\">Meist<\/h2>\t\t\t\t<\/div>\n\t\t\t\t<\/div>\n\t\t<div class=\"elementor-element elementor-element-27dd239 e-con-full e-flex elementor-invisible e-con e-child\" data-id=\"27dd239\" data-element_type=\"container\" data-e-type=\"container\" data-settings=\"{&quot;background_background&quot;:&quot;classic&quot;,&quot;animation&quot;:&quot;fadeInRight&quot;}\">\n\t\t\t\t<div class=\"elementor-element elementor-element-5c6dc65 elementor-widget elementor-widget-image\" data-id=\"5c6dc65\" data-element_type=\"widget\" data-e-type=\"widget\" data-widget_type=\"image.default\">\n\t\t\t\t\t\t\t\t\t\t\t\t\t\t\t<img fetchpriority=\"high\" decoding=\"async\" width=\"1000\" height=\"1000\" src=\"https:\/\/vikerkaare.com\/wp-content\/uploads\/2026\/04\/3444.webp\" class=\"attachment-large size-large wp-image-857\" alt=\"\" srcset=\"https:\/\/vikerkaare.com\/wp-content\/uploads\/2026\/04\/3444.webp 1000w, https:\/\/vikerkaare.com\/wp-content\/uploads\/2026\/04\/3444-300x300.webp 300w, https:\/\/vikerkaare.com\/wp-content\/uploads\/2026\/04\/3444-150x150.webp 150w, https:\/\/vikerkaare.com\/wp-content\/uploads\/2026\/04\/3444-768x768.webp 768w\" sizes=\"(max-width: 1000px) 100vw, 1000px\" \/>\t\t\t\t\t\t\t\t\t\t\t\t\t\t\t<\/div>\n\t\t\t\t<\/div>\n\t\t\t\t\t<\/div>\n\t\t\t\t<\/div>\n\t\t<div class=\"elementor-element elementor-element-570f3d5 e-flex e-con-boxed e-con e-parent\" data-id=\"570f3d5\" data-element_type=\"container\" data-e-type=\"container\">\n\t\t\t\t\t<div class=\"e-con-inner\">\n\t\t<div class=\"elementor-element elementor-element-6860b05 e-con-full e-flex e-con e-child\" data-id=\"6860b05\" data-element_type=\"container\" data-e-type=\"container\">\n\t\t\t\t<div class=\"elementor-element elementor-element-46da636 elementor-widget elementor-widget-heading\" data-id=\"46da636\" data-element_type=\"widget\" data-e-type=\"widget\" data-settings=\"{&quot;_animation&quot;:&quot;none&quot;}\" data-widget_type=\"heading.default\">\n\t\t\t\t\t<h2 class=\"elementor-heading-title elementor-size-default\">Tere tulemast Vikerkaare Villasse!<\/h2>\t\t\t\t<\/div>\n\t\t\t\t<div class=\"elementor-element elementor-element-dd1d8d3 elementor-widget elementor-widget-text-editor\" data-id=\"dd1d8d3\" data-element_type=\"widget\" data-e-type=\"widget\" data-widget_type=\"text-editor.default\">\n\t\t\t\t\t\t\t\t\t<p>Kui otsid vaikset ja hubast kohta, mis tundub nagu kodu, kuid on siiski k\u00f5igele l\u00e4hedal, siis oled selle leidnud.<\/p>\t\t\t\t\t\t\t\t<\/div>\n\t\t\t\t<div class=\"elementor-element elementor-element-c07de94 elementor-widget-mobile__width-inherit elementor-widget elementor-widget-text-editor\" data-id=\"c07de94\" data-element_type=\"widget\" data-e-type=\"widget\" data-widget_type=\"text-editor.default\">\n\t\t\t\t\t\t\t\t\t<p data-path-to-node=\"2\">Asume turvalises ja rahulikus T\u00e4htvere linnaosas (aadressil Vikerkaare 40), vaid l\u00fchikese 10-minutilise jalutusk\u00e4igu kaugusel Tartu ajaloolisest kesklinnast ja vanast \u00fclikoolist.<\/p><p data-path-to-node=\"3\">Meie villas on 4 \u00fchekohalist ja 6 kahekohalist tuba. Iga tuba on valgusk\u00fcllane, soojalt sisustatud ning varustatud privaatse du\u0161iruumi, teleri ja tasuta Wi-Figa. <i data-path-to-node=\"3\" data-index-in-node=\"281\">(V\u00e4ike m\u00e4rkus: meie maja on t\u00e4ielikult suitsuvaba).<\/i><\/p><p data-path-to-node=\"4\">Kui sa parajasti \u00fcmbrust ei avasta, saad l\u00f5\u00f5gastuda meie kaminaga s\u00f6\u00f6gisaalis v\u00f5i suunduda kaunile puidust terrassile. Meil on suur ja lopsakas aed koos hubase aiamajaga, mida oled oodatud kasutama. Tulete autoga? Meil on maja ees piisavalt tasuta parkimiskohti. Kui oled k\u00fclas t\u00f6\u00f6asjus, on meil pakkuda ka konverentsisaal kuni 24 inimesele.<\/p><p data-path-to-node=\"5\">Villast on imelihtne nautida k\u00f5ike, mida Tartul on pakkuda \u2013 alates kirevast \u00f6\u00f6elust kuni ajalooliste muuseumideni. Tartu toomkirik on kauni 15-minutilise jalutusk\u00e4igu kaugusel ning kui soovid ette v\u00f5tta p\u00e4evareisi, siis lummav Peipsi j\u00e4rv on vaid 55-minutilise autos\u00f5idu kaugusel.<\/p>\t\t\t\t\t\t\t\t<\/div>\n\t\t\t\t<div class=\"elementor-element elementor-element-f92237f elementor-align-left elementor-mobile-align-center elementor-widget elementor-widget-button\" data-id=\"f92237f\" data-element_type=\"widget\" data-e-type=\"widget\" data-widget_type=\"button.default\">\n\t\t\t\t\t\t\t\t\t\t<a class=\"elementor-button elementor-button-link elementor-size-sm\" href=\"\/et\/contact\/#book\">\n\t\t\t\t\t\t<span class=\"elementor-button-content-wrapper\">\n\t\t\t\t\t\t\t\t\t<span class=\"elementor-button-text\">Broneeri kohe!<\/span>\n\t\t\t\t\t<\/span>\n\t\t\t\t\t<\/a>\n\t\t\t\t\t\t\t\t<\/div>\n\t\t\t\t<\/div>\n\t\t<div class=\"elementor-element elementor-element-0ab2281 e-con-full e-flex e-con e-child\" data-id=\"0ab2281\" data-element_type=\"container\" data-e-type=\"container\">\n\t\t<div class=\"elementor-element elementor-element-c7ffc6e ct-imagebox e-con-full e-flex e-con e-child\" data-id=\"c7ffc6e\" data-element_type=\"container\" data-e-type=\"container\" data-settings=\"{&quot;background_background&quot;:&quot;classic&quot;}\">\n\t\t\t\t<div class=\"elementor-element elementor-element-4075344 elementor-widget elementor-widget-text-editor\" data-id=\"4075344\" data-element_type=\"widget\" data-e-type=\"widget\" data-widget_type=\"text-editor.default\">\n\t\t\t\t\t\t\t\t\t<p>Vaikne ja hubane koht<\/p>\t\t\t\t\t\t\t\t<\/div>\n\t\t\t\t<\/div>\n\t\t\t\t<\/div>\n\t\t\t\t\t<\/div>\n\t\t\t\t<\/div>\n\t\t\t\t<\/div>\n\t\t","protected":false},"excerpt":{"rendered":"<p>Meist Tere tulemast Vikerkaare Villasse! Kui otsid vaikset ja hubast kohta, mis tundub nagu kodu, kuid on siiski k\u00f5igele l\u00e4hedal, siis oled selle leidnud. Asume turvalises ja rahulikus T\u00e4htvere linnaosas (aadressil Vikerkaare 40), vaid l\u00fchikese 10-minutilise jalutusk\u00e4igu kaugusel Tartu ajaloolisest kesklinnast ja vanast \u00fclikoolist. Meie villas on 4 \u00fchekohalist ja 6 kahekohalist tuba. Iga tuba [&hellip;]<\/p>\n","protected":false},"author":1,"featured_media":0,"parent":0,"menu_order":0,"comment_status":"closed","ping_status":"closed","template":"","meta":{"footnotes":""},"class_list":["post-843","page","type-page","status-publish","hentry"],"blocksy_meta":{"page_title_panel":"","has_hero_section":"disabled","8359239f778bbe3bed91b84f8a98834d":"","hero_section":"type-1","hero_elements":[{"id":"custom_title","enabled":true,"heading_tag":"h1","title":"Home"},{"id":"custom_description","enabled":true,"description_visibility":{"desktop":true,"tablet":true,"mobile":false}},{"id":"custom_meta","enabled":false,"meta_elements":[{"id":"author","enabled":true,"label":"By","has_author_avatar":"yes","avatar_size":25},{"id":"post_date","enabled":true,"label":"On","date_format_source":"default","date_format":"M j, Y"},{"id":"updated_date","enabled":false,"label":"On","date_format_source":"default","date_format":"M j, Y"},{"id":"categories","enabled":false,"label":"In","style":"simple"},{"id":"comments","enabled":true}],"page_meta_elements":{"joined":true,"articles_count":true,"comments":true}},{"id":"breadcrumbs","enabled":false}],"621fe1f720f11312a84fdfcd7da30690":"","hero_alignment1":"CT_CSS_SKIP_RULE","hero_margin":40,"hero_alignment2":"center","hero_vertical_alignment":"center","d3c34b06105b21298f295a81324d50aa":"","hero_structure":"narrow","1ef2fbf48ad24a43b9dcd4769ba797b5":"","page_title_bg_type":"featured_image","custom_hero_background":{"attachment_id":null},"page_title_image_size":"full","parallax":{"desktop":false,"tablet":false,"mobile":false},"d2eeb83f4a3a9c7437eb3779e9a1781f":"","hero_height":"250px","pageTitleFont":{"family":"Default","variation":"Default","size":"30px","line-height":"CT_CSS_SKIP_RULE","letter-spacing":"CT_CSS_SKIP_RULE","text-transform":"CT_CSS_SKIP_RULE","text-decoration":"CT_CSS_SKIP_RULE"},"pageTitleFontColor":{"default":{"color":"CT_CSS_SKIP_RULEDEFAULT"}},"pageMetaFont":{"family":"Default","variation":"n6","size":"12px","line-height":"1.3","letter-spacing":"CT_CSS_SKIP_RULE","text-transform":"uppercase","text-decoration":"CT_CSS_SKIP_RULE"},"pageMetaFontColor":{"default":{"color":"CT_CSS_SKIP_RULEDEFAULT"},"hover":{"color":"CT_CSS_SKIP_RULEDEFAULT"}},"page_meta_button_type_font_colors":{"default":{"color":"CT_CSS_SKIP_RULEDEFAULT"},"hover":{"color":"CT_CSS_SKIP_RULEDEFAULT"}},"page_meta_button_type_background_colors":{"default":{"color":"CT_CSS_SKIP_RULEDEFAULT"},"hover":{"color":"CT_CSS_SKIP_RULEDEFAULT"}},"pageExcerptFont":{"family":"Default","variation":"Default","size":"CT_CSS_SKIP_RULE","line-height":"CT_CSS_SKIP_RULE","letter-spacing":"CT_CSS_SKIP_RULE","text-transform":"CT_CSS_SKIP_RULE","text-decoration":"CT_CSS_SKIP_RULE"},"pageExcerptColor":{"default":{"color":"CT_CSS_SKIP_RULEDEFAULT"}},"breadcrumbsFont":{"family":"Default","variation":"Default","size":"CT_CSS_SKIP_RULE","line-height":"CT_CSS_SKIP_RULE","letter-spacing":"CT_CSS_SKIP_RULE","text-transform":"CT_CSS_SKIP_RULE","text-decoration":"CT_CSS_SKIP_RULE"},"breadcrumbsFontColor":{"default":{"color":"CT_CSS_SKIP_RULEDEFAULT"},"initial":{"color":"CT_CSS_SKIP_RULEDEFAULT"},"hover":{"color":"CT_CSS_SKIP_RULEDEFAULT"}},"pageTitleOverlay":{"background_type":"color","background_pattern":"type-1","background_image":{"attachment_id":null,"x":0,"y":0},"gradient":"linear-gradient(135deg,rgba(6,147,227,1) 0%,rgb(155,81,224) 100%)","background_repeat":"repeat","background_size":"auto","background_attachment":"scroll","patternColor":{"default":{"color":"#e5e7ea"}},"overlayColor":{"default":{"color":"CT_CSS_SKIP_RULE"}},"backgroundColor":{"default":{"color":"CT_CSS_SKIP_RULE"}}},"pageTitleBackground":{"background_type":"color","background_pattern":"type-1","background_image":{"attachment_id":null,"x":0,"y":0},"gradient":"linear-gradient(135deg,rgba(6,147,227,1) 0%,rgb(155,81,224) 100%)","background_repeat":"repeat","background_size":"auto","background_attachment":"scroll","patternColor":{"default":{"color":"#e5e7ea"}},"overlayColor":{"default":{"color":"CT_CSS_SKIP_RULE"}},"backgroundColor":{"default":{"color":"var(--theme-palette-color-6)"}}},"pageTitlePadding":{"top":"50px","bottom":"50px","left":"auto","right":"auto","linked":true},"b17a54b1f0e48f2fda831a59b5503107":"","page_structure_type":"default","daa56381fbfcefb461122e3544ad4598":"","content_style_source":"inherit","content_style":"wide","vertical_spacing_source":"custom","content_area_spacing":"none","background":{"background_type":"color","background_pattern":"type-1","background_image":{"attachment_id":null,"x":0,"y":0},"gradient":"linear-gradient(135deg,rgba(6,147,227,1) 0%,rgb(155,81,224) 100%)","background_repeat":"repeat","background_size":"auto","background_attachment":"scroll","patternColor":{"default":{"color":"#e5e7ea"}},"overlayColor":{"default":{"color":"CT_CSS_SKIP_RULE"}},"backgroundColor":{"default":{"color":"CT_CSS_SKIP_RULE"}}},"content_background":{"background_type":"color","background_pattern":"type-1","background_image":{"attachment_id":null,"x":0,"y":0},"gradient":"linear-gradient(135deg,rgba(6,147,227,1) 0%,rgb(155,81,224) 100%)","background_repeat":"repeat","background_size":"auto","background_attachment":"scroll","patternColor":{"default":{"color":"#e5e7ea"}},"overlayColor":{"default":{"color":"CT_CSS_SKIP_RULE"}},"backgroundColor":{"default":{"color":"var(--theme-palette-color-8)"}}},"content_boxed_shadow":{"inherit":false,"blur":18,"spread":-6,"v_offset":12,"h_offset":0,"inset":false,"enable":true,"color":{"color":"rgba(34, 56, 101, 0.04)"}},"content_boxed_border":{"width":1,"style":"none","color":{"color":"rgba(44,62,80,0.2)"}},"content_boxed_radius":{"top":"3px","bottom":"3px","left":"3px","right":"3px","linked":true},"boxed_content_spacing":{"desktop":{"top":"40px","bottom":"40px","left":"40px","right":"40px","linked":true},"tablet":{"top":"35px","bottom":"35px","left":"35px","right":"35px","linked":true},"mobile":{"top":"20px","bottom":"20px","left":"20px","right":"20px","linked":true}},"7714e4d58d5e4d0afb386fd4a595e84d":"","disable_featured_image":"no","disable_share_box":"no","disable_header":"no","disable_footer":"no","styles_descriptor":{"styles":{"desktop":"","tablet":"","mobile":""},"google_fonts":[],"version":6}},"_links":{"self":[{"href":"https:\/\/vikerkaare.com\/et\/wp-json\/wp\/v2\/pages\/843","targetHints":{"allow":["GET"]}}],"collection":[{"href":"https:\/\/vikerkaare.com\/et\/wp-json\/wp\/v2\/pages"}],"about":[{"href":"https:\/\/vikerkaare.com\/et\/wp-json\/wp\/v2\/types\/page"}],"author":[{"embeddable":true,"href":"https:\/\/vikerkaare.com\/et\/wp-json\/wp\/v2\/users\/1"}],"replies":[{"embeddable":true,"href":"https:\/\/vikerkaare.com\/et\/wp-json\/wp\/v2\/comments?post=843"}],"version-history":[{"count":4,"href":"https:\/\/vikerkaare.com\/et\/wp-json\/wp\/v2\/pages\/843\/revisions"}],"predecessor-version":[{"id":912,"href":"https:\/\/vikerkaare.com\/et\/wp-json\/wp\/v2\/pages\/843\/revisions\/912"}],"wp:attachment":[{"href":"https:\/\/vikerkaare.com\/et\/wp-json\/wp\/v2\/media?parent=843"}],"curies":[{"name":"wp","href":"https:\/\/api.w.org\/{rel}","templated":true}]}}